{"id":1173,"date":"2025-04-12T23:31:24","date_gmt":"2025-04-12T23:31:24","guid":{"rendered":"https:\/\/dynamicgroupsolutions.com\/?page_id=1173"},"modified":"2025-04-12T23:40:21","modified_gmt":"2025-04-12T23:40:21","slug":"se-parte-de-nuestro-equipo","status":"publish","type":"page","link":"https:\/\/dynamicgroupsolutions.com\/en\/se-parte-de-nuestro-equipo\/","title":{"rendered":"Be part of our team"},"content":{"rendered":"<div data-elementor-type=\"wp-page\" data-elementor-id=\"1173\" class=\"elementor elementor-1173\">\n\t\t\t\t\t\t<section class=\"elementor-section elementor-top-section elementor-element elementor-element-2aa2c9b2 elementor-section-boxed elementor-section-height-default elementor-section-height-default\" data-id=\"2aa2c9b2\" data-element_type=\"section\" data-e-type=\"section\">\n\t\t\t\t\t\t<div class=\"elementor-container elementor-column-gap-default\">\n\t\t\t\t\t<div class=\"elementor-column elementor-col-50 elementor-top-column elementor-element elementor-element-1dc880d\" data-id=\"1dc880d\" data-element_type=\"column\" data-e-type=\"column\">\n\t\t\t<div class=\"elementor-widget-wrap elementor-element-populated\">\n\t\t\t\t\t\t<div class=\"elementor-element elementor-element-4824601a elementor-widget elementor-widget-spacer\" data-id=\"4824601a\" data-element_type=\"widget\" data-e-type=\"widget\" data-widget_type=\"spacer.default\">\n\t\t\t\t<div class=\"elementor-widget-container\">\n\t\t\t\t\t\t\t<div class=\"elementor-spacer\">\n\t\t\t<div class=\"elementor-spacer-inner\"><\/div>\n\t\t<\/div>\n\t\t\t\t\t\t<\/div>\n\t\t\t\t<\/div>\n\t\t\t\t<div class=\"elementor-element elementor-element-544a31a4 elementor-widget elementor-widget-image\" data-id=\"544a31a4\" data-element_type=\"widget\" data-e-type=\"widget\" data-widget_type=\"image.default\">\n\t\t\t\t<div class=\"elementor-widget-container\">\n\t\t\t\t\t\t\t\t\t\t\t\t\t\t\t<img fetchpriority=\"high\" decoding=\"async\" width=\"1201\" height=\"1351\" src=\"https:\/\/dynamicgroupsolutions.com\/wp-content\/uploads\/2025\/04\/WhatsApp-Image-2025-04-12-at-7.38.02-PM.jpeg\" class=\"attachment-full size-full wp-image-1178\" alt=\"\" srcset=\"https:\/\/dynamicgroupsolutions.com\/wp-content\/uploads\/2025\/04\/WhatsApp-Image-2025-04-12-at-7.38.02-PM.jpeg 1201w, https:\/\/dynamicgroupsolutions.com\/wp-content\/uploads\/2025\/04\/WhatsApp-Image-2025-04-12-at-7.38.02-PM-267x300.jpeg 267w, https:\/\/dynamicgroupsolutions.com\/wp-content\/uploads\/2025\/04\/WhatsApp-Image-2025-04-12-at-7.38.02-PM-910x1024.jpeg 910w, https:\/\/dynamicgroupsolutions.com\/wp-content\/uploads\/2025\/04\/WhatsApp-Image-2025-04-12-at-7.38.02-PM-768x864.jpeg 768w, https:\/\/dynamicgroupsolutions.com\/wp-content\/uploads\/2025\/04\/WhatsApp-Image-2025-04-12-at-7.38.02-PM-11x12.jpeg 11w\" sizes=\"(max-width: 1201px) 100vw, 1201px\" \/>\t\t\t\t\t\t\t\t\t\t\t\t\t\t\t<\/div>\n\t\t\t\t<\/div>\n\t\t\t\t\t<\/div>\n\t\t<\/div>\n\t\t\t\t<div class=\"elementor-column elementor-col-50 elementor-top-column elementor-element elementor-element-3359eede elementor-invisible\" data-id=\"3359eede\" data-element_type=\"column\" data-e-type=\"column\" data-settings=\"{&quot;animation&quot;:&quot;fadeInRight&quot;}\">\n\t\t\t<div class=\"elementor-widget-wrap elementor-element-populated\">\n\t\t\t\t\t\t<div class=\"elementor-element elementor-element-57a92079 elementor-widget-divider--view-line_text elementor-widget-divider--element-align-right elementor-widget elementor-widget-divider\" data-id=\"57a92079\" data-element_type=\"widget\" data-e-type=\"widget\" data-widget_type=\"divider.default\">\n\t\t\t\t<div class=\"elementor-widget-container\">\n\t\t\t\t\t\t\t<div class=\"elementor-divider\">\n\t\t\t<span class=\"elementor-divider-separator\">\n\t\t\t\t\t\t<\/span>\n\t\t<\/div>\n\t\t\t\t\t\t<\/div>\n\t\t\t\t<\/div>\n\t\t\t\t<div class=\"elementor-element elementor-element-67a2e05c elementor-widget elementor-widget-heading\" data-id=\"67a2e05c\" data-element_type=\"widget\" data-e-type=\"widget\" data-widget_type=\"heading.default\">\n\t\t\t\t<div class=\"elementor-widget-container\">\n\t\t\t\t\t<h3 class=\"elementor-heading-title elementor-size-default\"><b>Be part of our team\n\n<\/b><\/h3>\t\t\t\t<\/div>\n\t\t\t\t<\/div>\n\t\t\t\t<div class=\"elementor-element elementor-element-b3a59f8 elementor-widget elementor-widget-text-editor\" data-id=\"b3a59f8\" data-element_type=\"widget\" data-e-type=\"widget\" data-widget_type=\"text-editor.default\">\n\t\t\t\t<div class=\"elementor-widget-container\">\n\t\t\t\t\t\t\t\t\t<p><span style=\"font-weight: 400;\">In this section, you'll find the job opportunities Dynamic Group has for you. We're looking for talented, motivated individuals eager to grow professionally in a dynamic and collaborative environment.<\/span><\/p>\t\t\t\t\t\t\t\t<\/div>\n\t\t\t\t<\/div>\n\t\t\t\t<div class=\"elementor-element elementor-element-4431060a elementor-widget elementor-widget-spacer\" data-id=\"4431060a\" data-element_type=\"widget\" data-e-type=\"widget\" data-widget_type=\"spacer.default\">\n\t\t\t\t<div class=\"elementor-widget-container\">\n\t\t\t\t\t\t\t<div class=\"elementor-spacer\">\n\t\t\t<div class=\"elementor-spacer-inner\"><\/div>\n\t\t<\/div>\n\t\t\t\t\t\t<\/div>\n\t\t\t\t<\/div>\n\t\t\t\t\t<\/div>\n\t\t<\/div>\n\t\t\t\t\t<\/div>\n\t\t<\/section>\n\t\t\t\t<section class=\"elementor-section elementor-top-section elementor-element elementor-element-e51951e elementor-section-boxed elementor-section-height-default elementor-section-height-default\" data-id=\"e51951e\" data-element_type=\"section\" data-e-type=\"section\" data-settings=\"{&quot;background_background&quot;:&quot;classic&quot;}\">\n\t\t\t\t\t\t\t<div class=\"elementor-background-overlay\"><\/div>\n\t\t\t\t\t\t\t<div class=\"elementor-container elementor-column-gap-default\">\n\t\t\t\t\t<div class=\"elementor-column elementor-col-100 elementor-top-column elementor-element elementor-element-39d46bae elementor-invisible\" data-id=\"39d46bae\" data-element_type=\"column\" data-e-type=\"column\" data-settings=\"{&quot;animation&quot;:&quot;fadeInUp&quot;}\">\n\t\t\t<div class=\"elementor-widget-wrap elementor-element-populated\">\n\t\t\t\t\t\t<div class=\"elementor-element elementor-element-29e8944f elementor-widget elementor-widget-heading\" data-id=\"29e8944f\" data-element_type=\"widget\" data-e-type=\"widget\" data-widget_type=\"heading.default\">\n\t\t\t\t<div class=\"elementor-widget-container\">\n\t\t\t\t\t<h3 class=\"elementor-heading-title elementor-size-default\">We currently have no vacancies posted.\n<\/h3>\t\t\t\t<\/div>\n\t\t\t\t<\/div>\n\t\t\t\t<div class=\"elementor-element elementor-element-c64d437 elementor-widget elementor-widget-text-editor\" data-id=\"c64d437\" data-element_type=\"widget\" data-e-type=\"widget\" data-widget_type=\"text-editor.default\">\n\t\t\t\t<div class=\"elementor-widget-container\">\n\t\t\t\t\t\t\t\t\t<p><span style=\"font-weight: 400;\">We invite you to stay tuned for future opportunities or send us your CV by email <b>Luisberth.ojeda@dynamicgroupsolutions.com<\/b> to consider you in future selection processes.<\/span><\/p>\t\t\t\t\t\t\t\t<\/div>\n\t\t\t\t<\/div>\n\t\t\t\t\t<\/div>\n\t\t<\/div>\n\t\t\t\t\t<\/div>\n\t\t<\/section>\n\t\t\t\t<\/div>","protected":false},"excerpt":{"rendered":"<p>S\u00e9 parte de nuestro equipo En esta secci\u00f3n encontrar\u00e1s las oportunidades laborales que Dynamic Group tiene para ti. Buscamos personas con talento, motivaci\u00f3n y ganas de crecer profesionalmente en un entorno din\u00e1mico y colaborativo. Actualmente no tenemos vacantes publicadas. Te invitamos a mantenerte atento a futuras oportunidades o enviarnos tu CV al correo Luisberth.ojeda@dynamicgroupsolutions.com para [&hellip;]<\/p>\n","protected":false},"author":1,"featured_media":0,"parent":0,"menu_order":0,"comment_status":"closed","ping_status":"closed","template":"elementor_header_footer","meta":{"inline_featured_image":false,"footnotes":""},"class_list":["post-1173","page","type-page","status-publish","hentry"],"yoast_head":"<!-- This site is optimized with the Yoast SEO plugin v27.5 - https:\/\/yoast.com\/product\/yoast-seo-wordpress\/ -->\n<title>S\u00e9 parte de nuestro equipo - Dynamic Group Solutions<\/title>\n<meta name=\"robots\" content=\"index, follow, max-snippet:-1, max-image-preview:large, max-video-preview:-1\" \/>\n<link rel=\"canonical\" href=\"https:\/\/dynamicgroupsolutions.com\/en\/se-parte-de-nuestro-equipo\/\" \/>\n<meta property=\"og:locale\" content=\"en_US\" \/>\n<meta property=\"og:type\" content=\"article\" \/>\n<meta property=\"og:title\" content=\"S\u00e9 parte de nuestro equipo - Dynamic Group Solutions\" \/>\n<meta property=\"og:description\" content=\"S\u00e9 parte de nuestro equipo En esta secci\u00f3n encontrar\u00e1s las oportunidades laborales que Dynamic Group tiene para ti. Buscamos personas con talento, motivaci\u00f3n y ganas de crecer profesionalmente en un entorno din\u00e1mico y colaborativo. Actualmente no tenemos vacantes publicadas. Te invitamos a mantenerte atento a futuras oportunidades o enviarnos tu CV al correo Luisberth.ojeda@dynamicgroupsolutions.com para [&hellip;]\" \/>\n<meta property=\"og:url\" content=\"https:\/\/dynamicgroupsolutions.com\/en\/se-parte-de-nuestro-equipo\/\" \/>\n<meta property=\"og:site_name\" content=\"Dynamic Group Solutions\" \/>\n<meta property=\"article:modified_time\" content=\"2025-04-12T23:40:21+00:00\" \/>\n<meta property=\"og:image\" content=\"https:\/\/dynamicgroupsolutions.com\/wp-content\/uploads\/2025\/04\/WhatsApp-Image-2025-04-12-at-7.38.02-PM.jpeg\" \/>\n\t<meta property=\"og:image:width\" content=\"1201\" \/>\n\t<meta property=\"og:image:height\" content=\"1351\" \/>\n\t<meta property=\"og:image:type\" content=\"image\/jpeg\" \/>\n<meta name=\"twitter:card\" content=\"summary_large_image\" \/>\n<meta name=\"twitter:label1\" content=\"Est. reading time\" \/>\n\t<meta name=\"twitter:data1\" content=\"1 minute\" \/>\n<script type=\"application\/ld+json\" class=\"yoast-schema-graph\">{\"@context\":\"https:\\\/\\\/schema.org\",\"@graph\":[{\"@type\":\"WebPage\",\"@id\":\"https:\\\/\\\/dynamicgroupsolutions.com\\\/se-parte-de-nuestro-equipo\\\/\",\"url\":\"https:\\\/\\\/dynamicgroupsolutions.com\\\/se-parte-de-nuestro-equipo\\\/\",\"name\":\"S\u00e9 parte de nuestro equipo - Dynamic Group Solutions\",\"isPartOf\":{\"@id\":\"https:\\\/\\\/dynamicgroupsolutions.com\\\/#website\"},\"primaryImageOfPage\":{\"@id\":\"https:\\\/\\\/dynamicgroupsolutions.com\\\/se-parte-de-nuestro-equipo\\\/#primaryimage\"},\"image\":{\"@id\":\"https:\\\/\\\/dynamicgroupsolutions.com\\\/se-parte-de-nuestro-equipo\\\/#primaryimage\"},\"thumbnailUrl\":\"https:\\\/\\\/dynamicgroupsolutions.com\\\/wp-content\\\/uploads\\\/2025\\\/04\\\/WhatsApp-Image-2025-04-12-at-7.38.02-PM.jpeg\",\"datePublished\":\"2025-04-12T23:31:24+00:00\",\"dateModified\":\"2025-04-12T23:40:21+00:00\",\"breadcrumb\":{\"@id\":\"https:\\\/\\\/dynamicgroupsolutions.com\\\/se-parte-de-nuestro-equipo\\\/#breadcrumb\"},\"inLanguage\":\"en-US\",\"potentialAction\":[{\"@type\":\"ReadAction\",\"target\":[\"https:\\\/\\\/dynamicgroupsolutions.com\\\/se-parte-de-nuestro-equipo\\\/\"]}]},{\"@type\":\"ImageObject\",\"inLanguage\":\"en-US\",\"@id\":\"https:\\\/\\\/dynamicgroupsolutions.com\\\/se-parte-de-nuestro-equipo\\\/#primaryimage\",\"url\":\"https:\\\/\\\/dynamicgroupsolutions.com\\\/wp-content\\\/uploads\\\/2025\\\/04\\\/WhatsApp-Image-2025-04-12-at-7.38.02-PM.jpeg\",\"contentUrl\":\"https:\\\/\\\/dynamicgroupsolutions.com\\\/wp-content\\\/uploads\\\/2025\\\/04\\\/WhatsApp-Image-2025-04-12-at-7.38.02-PM.jpeg\"},{\"@type\":\"BreadcrumbList\",\"@id\":\"https:\\\/\\\/dynamicgroupsolutions.com\\\/se-parte-de-nuestro-equipo\\\/#breadcrumb\",\"itemListElement\":[{\"@type\":\"ListItem\",\"position\":1,\"name\":\"Portada\",\"item\":\"https:\\\/\\\/dynamicgroupsolutions.com\\\/\"},{\"@type\":\"ListItem\",\"position\":2,\"name\":\"S\u00e9 parte de nuestro equipo\"}]},{\"@type\":\"WebSite\",\"@id\":\"https:\\\/\\\/dynamicgroupsolutions.com\\\/#website\",\"url\":\"https:\\\/\\\/dynamicgroupsolutions.com\\\/\",\"name\":\"Dynamic Group Solutions\",\"description\":\"Somos tu Aliado en Finanzas y Recursos Humanos. Descubre como nuestras soluciones integrales en servicios administrativos, contables y de recursos humanos han elevado el rendimiento y la eficiencia en empresas internacionales.\",\"publisher\":{\"@id\":\"https:\\\/\\\/dynamicgroupsolutions.com\\\/#organization\"},\"alternateName\":\"Dynamic Group\",\"potentialAction\":[{\"@type\":\"SearchAction\",\"target\":{\"@type\":\"EntryPoint\",\"urlTemplate\":\"https:\\\/\\\/dynamicgroupsolutions.com\\\/?s={search_term_string}\"},\"query-input\":{\"@type\":\"PropertyValueSpecification\",\"valueRequired\":true,\"valueName\":\"search_term_string\"}}],\"inLanguage\":\"en-US\"},{\"@type\":\"Organization\",\"@id\":\"https:\\\/\\\/dynamicgroupsolutions.com\\\/#organization\",\"name\":\"Dynamic Group Solutions\",\"alternateName\":\"Dynamic Group\",\"url\":\"https:\\\/\\\/dynamicgroupsolutions.com\\\/\",\"logo\":{\"@type\":\"ImageObject\",\"inLanguage\":\"en-US\",\"@id\":\"https:\\\/\\\/dynamicgroupsolutions.com\\\/#\\\/schema\\\/logo\\\/image\\\/\",\"url\":\"https:\\\/\\\/dynamicgroupsolutions.com\\\/wp-content\\\/uploads\\\/2025\\\/04\\\/Logo_Dynamic-07.png\",\"contentUrl\":\"https:\\\/\\\/dynamicgroupsolutions.com\\\/wp-content\\\/uploads\\\/2025\\\/04\\\/Logo_Dynamic-07.png\",\"width\":4500,\"height\":4500,\"caption\":\"Dynamic Group Solutions\"},\"image\":{\"@id\":\"https:\\\/\\\/dynamicgroupsolutions.com\\\/#\\\/schema\\\/logo\\\/image\\\/\"},\"sameAs\":[\"https:\\\/\\\/www.instagram.com\\\/dynamicgroupsolutions\\\/\",\"https:\\\/\\\/www.linkedin.com\\\/company\\\/102830962\\\/admin\\\/dashboard\\\/\"]}]}<\/script>\n<!-- \/ Yoast SEO plugin. -->","yoast_head_json":{"title":"S\u00e9 parte de nuestro equipo - Dynamic Group Solutions","robots":{"index":"index","follow":"follow","max-snippet":"max-snippet:-1","max-image-preview":"max-image-preview:large","max-video-preview":"max-video-preview:-1"},"canonical":"https:\/\/dynamicgroupsolutions.com\/en\/se-parte-de-nuestro-equipo\/","og_locale":"en_US","og_type":"article","og_title":"S\u00e9 parte de nuestro equipo - Dynamic Group Solutions","og_description":"S\u00e9 parte de nuestro equipo En esta secci\u00f3n encontrar\u00e1s las oportunidades laborales que Dynamic Group tiene para ti. Buscamos personas con talento, motivaci\u00f3n y ganas de crecer profesionalmente en un entorno din\u00e1mico y colaborativo. Actualmente no tenemos vacantes publicadas. Te invitamos a mantenerte atento a futuras oportunidades o enviarnos tu CV al correo Luisberth.ojeda@dynamicgroupsolutions.com para [&hellip;]","og_url":"https:\/\/dynamicgroupsolutions.com\/en\/se-parte-de-nuestro-equipo\/","og_site_name":"Dynamic Group Solutions","article_modified_time":"2025-04-12T23:40:21+00:00","og_image":[{"width":1201,"height":1351,"url":"https:\/\/dynamicgroupsolutions.com\/wp-content\/uploads\/2025\/04\/WhatsApp-Image-2025-04-12-at-7.38.02-PM.jpeg","type":"image\/jpeg"}],"twitter_card":"summary_large_image","twitter_misc":{"Est. reading time":"1 minute"},"schema":{"@context":"https:\/\/schema.org","@graph":[{"@type":"WebPage","@id":"https:\/\/dynamicgroupsolutions.com\/se-parte-de-nuestro-equipo\/","url":"https:\/\/dynamicgroupsolutions.com\/se-parte-de-nuestro-equipo\/","name":"S\u00e9 parte de nuestro equipo - Dynamic Group Solutions","isPartOf":{"@id":"https:\/\/dynamicgroupsolutions.com\/#website"},"primaryImageOfPage":{"@id":"https:\/\/dynamicgroupsolutions.com\/se-parte-de-nuestro-equipo\/#primaryimage"},"image":{"@id":"https:\/\/dynamicgroupsolutions.com\/se-parte-de-nuestro-equipo\/#primaryimage"},"thumbnailUrl":"https:\/\/dynamicgroupsolutions.com\/wp-content\/uploads\/2025\/04\/WhatsApp-Image-2025-04-12-at-7.38.02-PM.jpeg","datePublished":"2025-04-12T23:31:24+00:00","dateModified":"2025-04-12T23:40:21+00:00","breadcrumb":{"@id":"https:\/\/dynamicgroupsolutions.com\/se-parte-de-nuestro-equipo\/#breadcrumb"},"inLanguage":"en-US","potentialAction":[{"@type":"ReadAction","target":["https:\/\/dynamicgroupsolutions.com\/se-parte-de-nuestro-equipo\/"]}]},{"@type":"ImageObject","inLanguage":"en-US","@id":"https:\/\/dynamicgroupsolutions.com\/se-parte-de-nuestro-equipo\/#primaryimage","url":"https:\/\/dynamicgroupsolutions.com\/wp-content\/uploads\/2025\/04\/WhatsApp-Image-2025-04-12-at-7.38.02-PM.jpeg","contentUrl":"https:\/\/dynamicgroupsolutions.com\/wp-content\/uploads\/2025\/04\/WhatsApp-Image-2025-04-12-at-7.38.02-PM.jpeg"},{"@type":"BreadcrumbList","@id":"https:\/\/dynamicgroupsolutions.com\/se-parte-de-nuestro-equipo\/#breadcrumb","itemListElement":[{"@type":"ListItem","position":1,"name":"Portada","item":"https:\/\/dynamicgroupsolutions.com\/"},{"@type":"ListItem","position":2,"name":"S\u00e9 parte de nuestro equipo"}]},{"@type":"WebSite","@id":"https:\/\/dynamicgroupsolutions.com\/#website","url":"https:\/\/dynamicgroupsolutions.com\/","name":"Dynamic Group Solutions","description":"Somos tu Aliado en Finanzas y Recursos Humanos. Descubre como nuestras soluciones integrales en servicios administrativos, contables y de recursos humanos han elevado el rendimiento y la eficiencia en empresas internacionales.","publisher":{"@id":"https:\/\/dynamicgroupsolutions.com\/#organization"},"alternateName":"Dynamic Group","potentialAction":[{"@type":"SearchAction","target":{"@type":"EntryPoint","urlTemplate":"https:\/\/dynamicgroupsolutions.com\/?s={search_term_string}"},"query-input":{"@type":"PropertyValueSpecification","valueRequired":true,"valueName":"search_term_string"}}],"inLanguage":"en-US"},{"@type":"Organization","@id":"https:\/\/dynamicgroupsolutions.com\/#organization","name":"Dynamic Group Solutions","alternateName":"Dynamic Group","url":"https:\/\/dynamicgroupsolutions.com\/","logo":{"@type":"ImageObject","inLanguage":"en-US","@id":"https:\/\/dynamicgroupsolutions.com\/#\/schema\/logo\/image\/","url":"https:\/\/dynamicgroupsolutions.com\/wp-content\/uploads\/2025\/04\/Logo_Dynamic-07.png","contentUrl":"https:\/\/dynamicgroupsolutions.com\/wp-content\/uploads\/2025\/04\/Logo_Dynamic-07.png","width":4500,"height":4500,"caption":"Dynamic Group Solutions"},"image":{"@id":"https:\/\/dynamicgroupsolutions.com\/#\/schema\/logo\/image\/"},"sameAs":["https:\/\/www.instagram.com\/dynamicgroupsolutions\/","https:\/\/www.linkedin.com\/company\/102830962\/admin\/dashboard\/"]}]}},"_links":{"self":[{"href":"https:\/\/dynamicgroupsolutions.com\/en\/wp-json\/wp\/v2\/pages\/1173","targetHints":{"allow":["GET"]}}],"collection":[{"href":"https:\/\/dynamicgroupsolutions.com\/en\/wp-json\/wp\/v2\/pages"}],"about":[{"href":"https:\/\/dynamicgroupsolutions.com\/en\/wp-json\/wp\/v2\/types\/page"}],"author":[{"embeddable":true,"href":"https:\/\/dynamicgroupsolutions.com\/en\/wp-json\/wp\/v2\/users\/1"}],"replies":[{"embeddable":true,"href":"https:\/\/dynamicgroupsolutions.com\/en\/wp-json\/wp\/v2\/comments?post=1173"}],"version-history":[{"count":11,"href":"https:\/\/dynamicgroupsolutions.com\/en\/wp-json\/wp\/v2\/pages\/1173\/revisions"}],"predecessor-version":[{"id":1186,"href":"https:\/\/dynamicgroupsolutions.com\/en\/wp-json\/wp\/v2\/pages\/1173\/revisions\/1186"}],"wp:attachment":[{"href":"https:\/\/dynamicgroupsolutions.com\/en\/wp-json\/wp\/v2\/media?parent=1173"}],"curies":[{"name":"wp","href":"https:\/\/api.w.org\/{rel}","templated":true}]}}